{"id":1288,"date":"2025-11-27T15:05:29","date_gmt":"2025-11-27T13:05:29","guid":{"rendered":"https:\/\/finikounda-villas.gr\/home\/"},"modified":"2026-02-12T23:55:21","modified_gmt":"2026-02-12T21:55:21","slug":"home","status":"publish","type":"page","link":"https:\/\/finikounda-villas.gr\/de\/","title":{"rendered":"Startseite"},"content":{"rendered":"","protected":false},"excerpt":{"rendered":"","protected":false},"author":2,"featured_media":1286,"parent":0,"menu_order":0,"comment_status":"closed","ping_status":"closed","template":"","meta":{"_acf_changed":false,"footnotes":""},"class_list":["post-1288","page","type-page","status-publish","has-post-thumbnail","hentry"],"acf":[],"yoast_head":"<!-- This site is optimized with the Yoast SEO plugin v27.4 - https:\/\/yoast.com\/product\/yoast-seo-wordpress\/ -->\n<title>Dion-Zois Villen Finikounda &#8211; Ferienwohnungen in Messinien<\/title>\n<meta name=\"description\" content=\"Die Dion-Zois Studios befinden sich in l\u00e4ndlicher Umgebung, nur 150 m vom Zentrum des Ortes Finikounda und 100 m vom gr\u00f6\u00dften Strand der Umgebung entfernt.\" \/>\n<meta name=\"robots\" content=\"index, follow, max-snippet:-1, max-image-preview:large, max-video-preview:-1\" \/>\n<link rel=\"canonical\" href=\"https:\/\/finikounda-villas.gr\/de\/\" \/>\n<meta property=\"og:locale\" content=\"de_DE\" \/>\n<meta property=\"og:type\" content=\"article\" \/>\n<meta property=\"og:title\" content=\"Dion-Zois Villen Finikounda &#8211; Ferienwohnungen in Messinien\" \/>\n<meta property=\"og:description\" content=\"Die Dion-Zois Studios befinden sich in l\u00e4ndlicher Umgebung, nur 150 m vom Zentrum des Ortes Finikounda und 100 m vom gr\u00f6\u00dften Strand der Umgebung entfernt.\" \/>\n<meta property=\"og:url\" content=\"https:\/\/finikounda-villas.gr\/de\/\" \/>\n<meta property=\"og:site_name\" content=\"Dion-Zois Villen Finikounda\" \/>\n<meta property=\"article:publisher\" content=\"https:\/\/www.facebook.com\/dionzois\" \/>\n<meta property=\"article:modified_time\" content=\"2026-02-12T21:55:21+00:00\" \/>\n<meta property=\"og:image\" content=\"https:\/\/finikounda-villas.gr\/wp-content\/uploads\/2025\/12\/Dion-Zois-Finikounda-Villas-with-pool.webp\" \/>\n\t<meta property=\"og:image:width\" content=\"1200\" \/>\n\t<meta property=\"og:image:height\" content=\"630\" \/>\n\t<meta property=\"og:image:type\" content=\"image\/webp\" \/>\n<meta name=\"twitter:card\" content=\"summary_large_image\" \/>\n<script type=\"application\/ld+json\" class=\"yoast-schema-graph\">{\"@context\":\"https:\\\/\\\/schema.org\",\"@graph\":[{\"@type\":\"WebPage\",\"@id\":\"https:\\\/\\\/finikounda-villas.gr\\\/de\\\/\",\"url\":\"https:\\\/\\\/finikounda-villas.gr\\\/de\\\/\",\"name\":\"Dion-Zois Villen Finikounda &#8211; Ferienwohnungen in Messinien\",\"isPartOf\":{\"@id\":\"https:\\\/\\\/finikounda-villas.gr\\\/de\\\/#website\"},\"primaryImageOfPage\":{\"@id\":\"https:\\\/\\\/finikounda-villas.gr\\\/de\\\/#primaryimage\"},\"image\":{\"@id\":\"https:\\\/\\\/finikounda-villas.gr\\\/de\\\/#primaryimage\"},\"thumbnailUrl\":\"https:\\\/\\\/finikounda-villas.gr\\\/wp-content\\\/uploads\\\/2025\\\/12\\\/Dion-Zois-Finikounda-Villas-with-pool.webp\",\"datePublished\":\"2025-11-27T13:05:29+00:00\",\"dateModified\":\"2026-02-12T21:55:21+00:00\",\"description\":\"Die Dion-Zois Studios befinden sich in l\u00e4ndlicher Umgebung, nur 150 m vom Zentrum des Ortes Finikounda und 100 m vom gr\u00f6\u00dften Strand der Umgebung entfernt.\",\"breadcrumb\":{\"@id\":\"https:\\\/\\\/finikounda-villas.gr\\\/de\\\/#breadcrumb\"},\"inLanguage\":\"de\",\"potentialAction\":[{\"@type\":\"ReadAction\",\"target\":[\"https:\\\/\\\/finikounda-villas.gr\\\/de\\\/\"]}]},{\"@type\":\"ImageObject\",\"inLanguage\":\"de\",\"@id\":\"https:\\\/\\\/finikounda-villas.gr\\\/de\\\/#primaryimage\",\"url\":\"https:\\\/\\\/finikounda-villas.gr\\\/wp-content\\\/uploads\\\/2025\\\/12\\\/Dion-Zois-Finikounda-Villas-with-pool.webp\",\"contentUrl\":\"https:\\\/\\\/finikounda-villas.gr\\\/wp-content\\\/uploads\\\/2025\\\/12\\\/Dion-Zois-Finikounda-Villas-with-pool.webp\",\"width\":1200,\"height\":630,\"caption\":\"Dion Zois Finikounda Villas with pool\"},{\"@type\":\"BreadcrumbList\",\"@id\":\"https:\\\/\\\/finikounda-villas.gr\\\/de\\\/#breadcrumb\",\"itemListElement\":[{\"@type\":\"ListItem\",\"position\":1,\"name\":\"Home\",\"item\":\"https:\\\/\\\/finikounda-villas.gr\\\/de\\\/home\\\/\"},{\"@type\":\"ListItem\",\"position\":2,\"name\":\"Startseite\"}]},{\"@type\":\"WebSite\",\"@id\":\"https:\\\/\\\/finikounda-villas.gr\\\/de\\\/#website\",\"url\":\"https:\\\/\\\/finikounda-villas.gr\\\/de\\\/\",\"name\":\"Dion-Zois Villas Finikounda\",\"description\":\"Ferienwohnungen in Messinien\",\"publisher\":{\"@id\":\"https:\\\/\\\/finikounda-villas.gr\\\/de\\\/#organization\"},\"potentialAction\":[{\"@type\":\"SearchAction\",\"target\":{\"@type\":\"EntryPoint\",\"urlTemplate\":\"https:\\\/\\\/finikounda-villas.gr\\\/de\\\/?s={search_term_string}\"},\"query-input\":{\"@type\":\"PropertyValueSpecification\",\"valueRequired\":true,\"valueName\":\"search_term_string\"}}],\"inLanguage\":\"de\"},{\"@type\":\"Organization\",\"@id\":\"https:\\\/\\\/finikounda-villas.gr\\\/de\\\/#organization\",\"name\":\"Dion-Zois Villas Finikounda\",\"url\":\"https:\\\/\\\/finikounda-villas.gr\\\/de\\\/\",\"logo\":{\"@type\":\"ImageObject\",\"inLanguage\":\"de\",\"@id\":\"https:\\\/\\\/finikounda-villas.gr\\\/de\\\/#\\\/schema\\\/logo\\\/image\\\/\",\"url\":\"https:\\\/\\\/finikounda-villas.gr\\\/wp-content\\\/uploads\\\/2025\\\/12\\\/Finikounda-Villas-Dion-Zois-logo.webp\",\"contentUrl\":\"https:\\\/\\\/finikounda-villas.gr\\\/wp-content\\\/uploads\\\/2025\\\/12\\\/Finikounda-Villas-Dion-Zois-logo.webp\",\"width\":512,\"height\":512,\"caption\":\"Dion-Zois Villas Finikounda\"},\"image\":{\"@id\":\"https:\\\/\\\/finikounda-villas.gr\\\/de\\\/#\\\/schema\\\/logo\\\/image\\\/\"},\"sameAs\":[\"https:\\\/\\\/www.facebook.com\\\/dionzois\",\"https:\\\/\\\/www.instagram.com\\\/dionzois\\\/\",\"https:\\\/\\\/www.tripadvisor.com.gr\\\/Hotel_Review-g667238-d3464688-Reviews-Dion_Zois-Finikounda_Pylos_Nestor_Messenia_Region_Peloponnese.html\",\"https:\\\/\\\/www.trivago.gr\\\/en-US\\\/oar\\\/serviced-apartment-dion-zois-finikounda?search=100-2404226\"]}]}<\/script>\n<!-- \/ Yoast SEO plugin. -->","yoast_head_json":{"title":"Dion-Zois Villen Finikounda &#8211; Ferienwohnungen in Messinien","description":"Die Dion-Zois Studios befinden sich in l\u00e4ndlicher Umgebung, nur 150 m vom Zentrum des Ortes Finikounda und 100 m vom gr\u00f6\u00dften Strand der Umgebung entfernt.","robots":{"index":"index","follow":"follow","max-snippet":"max-snippet:-1","max-image-preview":"max-image-preview:large","max-video-preview":"max-video-preview:-1"},"canonical":"https:\/\/finikounda-villas.gr\/de\/","og_locale":"de_DE","og_type":"article","og_title":"Dion-Zois Villen Finikounda &#8211; Ferienwohnungen in Messinien","og_description":"Die Dion-Zois Studios befinden sich in l\u00e4ndlicher Umgebung, nur 150 m vom Zentrum des Ortes Finikounda und 100 m vom gr\u00f6\u00dften Strand der Umgebung entfernt.","og_url":"https:\/\/finikounda-villas.gr\/de\/","og_site_name":"Dion-Zois Villen Finikounda","article_publisher":"https:\/\/www.facebook.com\/dionzois","article_modified_time":"2026-02-12T21:55:21+00:00","og_image":[{"width":1200,"height":630,"url":"https:\/\/finikounda-villas.gr\/wp-content\/uploads\/2025\/12\/Dion-Zois-Finikounda-Villas-with-pool.webp","type":"image\/webp"}],"twitter_card":"summary_large_image","schema":{"@context":"https:\/\/schema.org","@graph":[{"@type":"WebPage","@id":"https:\/\/finikounda-villas.gr\/de\/","url":"https:\/\/finikounda-villas.gr\/de\/","name":"Dion-Zois Villen Finikounda &#8211; Ferienwohnungen in Messinien","isPartOf":{"@id":"https:\/\/finikounda-villas.gr\/de\/#website"},"primaryImageOfPage":{"@id":"https:\/\/finikounda-villas.gr\/de\/#primaryimage"},"image":{"@id":"https:\/\/finikounda-villas.gr\/de\/#primaryimage"},"thumbnailUrl":"https:\/\/finikounda-villas.gr\/wp-content\/uploads\/2025\/12\/Dion-Zois-Finikounda-Villas-with-pool.webp","datePublished":"2025-11-27T13:05:29+00:00","dateModified":"2026-02-12T21:55:21+00:00","description":"Die Dion-Zois Studios befinden sich in l\u00e4ndlicher Umgebung, nur 150 m vom Zentrum des Ortes Finikounda und 100 m vom gr\u00f6\u00dften Strand der Umgebung entfernt.","breadcrumb":{"@id":"https:\/\/finikounda-villas.gr\/de\/#breadcrumb"},"inLanguage":"de","potentialAction":[{"@type":"ReadAction","target":["https:\/\/finikounda-villas.gr\/de\/"]}]},{"@type":"ImageObject","inLanguage":"de","@id":"https:\/\/finikounda-villas.gr\/de\/#primaryimage","url":"https:\/\/finikounda-villas.gr\/wp-content\/uploads\/2025\/12\/Dion-Zois-Finikounda-Villas-with-pool.webp","contentUrl":"https:\/\/finikounda-villas.gr\/wp-content\/uploads\/2025\/12\/Dion-Zois-Finikounda-Villas-with-pool.webp","width":1200,"height":630,"caption":"Dion Zois Finikounda Villas with pool"},{"@type":"BreadcrumbList","@id":"https:\/\/finikounda-villas.gr\/de\/#breadcrumb","itemListElement":[{"@type":"ListItem","position":1,"name":"Home","item":"https:\/\/finikounda-villas.gr\/de\/home\/"},{"@type":"ListItem","position":2,"name":"Startseite"}]},{"@type":"WebSite","@id":"https:\/\/finikounda-villas.gr\/de\/#website","url":"https:\/\/finikounda-villas.gr\/de\/","name":"Dion-Zois Villas Finikounda","description":"Ferienwohnungen in Messinien","publisher":{"@id":"https:\/\/finikounda-villas.gr\/de\/#organization"},"potentialAction":[{"@type":"SearchAction","target":{"@type":"EntryPoint","urlTemplate":"https:\/\/finikounda-villas.gr\/de\/?s={search_term_string}"},"query-input":{"@type":"PropertyValueSpecification","valueRequired":true,"valueName":"search_term_string"}}],"inLanguage":"de"},{"@type":"Organization","@id":"https:\/\/finikounda-villas.gr\/de\/#organization","name":"Dion-Zois Villas Finikounda","url":"https:\/\/finikounda-villas.gr\/de\/","logo":{"@type":"ImageObject","inLanguage":"de","@id":"https:\/\/finikounda-villas.gr\/de\/#\/schema\/logo\/image\/","url":"https:\/\/finikounda-villas.gr\/wp-content\/uploads\/2025\/12\/Finikounda-Villas-Dion-Zois-logo.webp","contentUrl":"https:\/\/finikounda-villas.gr\/wp-content\/uploads\/2025\/12\/Finikounda-Villas-Dion-Zois-logo.webp","width":512,"height":512,"caption":"Dion-Zois Villas Finikounda"},"image":{"@id":"https:\/\/finikounda-villas.gr\/de\/#\/schema\/logo\/image\/"},"sameAs":["https:\/\/www.facebook.com\/dionzois","https:\/\/www.instagram.com\/dionzois\/","https:\/\/www.tripadvisor.com.gr\/Hotel_Review-g667238-d3464688-Reviews-Dion_Zois-Finikounda_Pylos_Nestor_Messenia_Region_Peloponnese.html","https:\/\/www.trivago.gr\/en-US\/oar\/serviced-apartment-dion-zois-finikounda?search=100-2404226"]}]}},"_links":{"self":[{"href":"https:\/\/finikounda-villas.gr\/de\/wp-json\/wp\/v2\/pages\/1288","targetHints":{"allow":["GET"]}}],"collection":[{"href":"https:\/\/finikounda-villas.gr\/de\/wp-json\/wp\/v2\/pages"}],"about":[{"href":"https:\/\/finikounda-villas.gr\/de\/wp-json\/wp\/v2\/types\/page"}],"author":[{"embeddable":true,"href":"https:\/\/finikounda-villas.gr\/de\/wp-json\/wp\/v2\/users\/2"}],"replies":[{"embeddable":true,"href":"https:\/\/finikounda-villas.gr\/de\/wp-json\/wp\/v2\/comments?post=1288"}],"version-history":[{"count":1,"href":"https:\/\/finikounda-villas.gr\/de\/wp-json\/wp\/v2\/pages\/1288\/revisions"}],"predecessor-version":[{"id":1302,"href":"https:\/\/finikounda-villas.gr\/de\/wp-json\/wp\/v2\/pages\/1288\/revisions\/1302"}],"wp:featuredmedia":[{"embeddable":true,"href":"https:\/\/finikounda-villas.gr\/de\/wp-json\/wp\/v2\/media\/1286"}],"wp:attachment":[{"href":"https:\/\/finikounda-villas.gr\/de\/wp-json\/wp\/v2\/media?parent=1288"}],"curies":[{"name":"wp","href":"https:\/\/api.w.org\/{rel}","templated":true}]}}